{"id":12173,"date":"2026-04-02T21:29:44","date_gmt":"2026-04-02T19:29:44","guid":{"rendered":"https:\/\/farm-good.com\/?post_type=product&#038;p=12173"},"modified":"2026-04-05T08:27:07","modified_gmt":"2026-04-05T06:27:07","slug":"bouchello-500ml","status":"publish","type":"product","link":"https:\/\/farm-good.com\/it\/produit\/bouchello-500ml\/","title":{"rendered":"Limoncello Artisanal 500ml"},"content":{"rendered":"<p><span class=\"color_15 wixui-rich-text__text\">Bouchello est une cr\u00e9ation de Joachim et Mark, deux amis de longue date qui, apr\u00e8s avoir partag\u00e9 un repas d\u2019 anniversaire sur la terrasse d\u2019un restaurant italien de la r\u00e9gion, se d\u00e9cident \u00e0 lancer leur commerce de Limoncello artisanal! Apr\u00e8s avoir test\u00e9 la recette ancestrale de sa famille, Joachim fait go\u00fbter sa cr\u00e9ation \u00e0 Mark qui adh\u00e8re. <\/span><span class=\"color_15 wixui-rich-text__text\">C\u2019 est l\u00e0 que Bouchello est n\u00e9. Les deux amis s\u2019associent pour vous proposer le Limoncello artisanal \u00e0 Lutry et aux environs.<br class=\"wixui-rich-text__text\" \/>Mark, illustrateur, s&#8217;est charg\u00e9 de concevoir le design de la bouteille qui repr\u00e9sente les deux fondateurs de Bouchello.<\/span><\/p>\n<p><span class=\"color_15 wixui-rich-text__text\">Notre Bouchello est un limoncello artisanal produit \u00e0 partir de citrons bio provenant de Sicile.<br class=\"wixui-rich-text__text\" \/>Tout le processus de fabrication est fait \u00e0 la main par nos soins, de l&#8217;\u00e9pluchage des citrons jusqu&#8217;au collage de l&#8217;\u00e9tiquette.<br class=\"wixui-rich-text__text\" \/>Les citrons sont non-trait\u00e9s et directement import\u00e9s par des commerces locaux<\/span><\/p>\n","protected":false},"excerpt":{"rendered":"<p>Bouteille de Bouchello-Limoncello Artisanal de Lutry<\/p>\n<p>500 ml<\/p>\n","protected":false},"featured_media":12188,"comment_status":"open","ping_status":"closed","template":"","meta":[],"product_brand":[],"product_cat":[406],"product_tag":[],"class_list":{"0":"post-12173","1":"product","2":"type-product","3":"status-publish","4":"has-post-thumbnail","6":"product_cat-boissons-alcoolisees","8":"first","9":"instock","10":"sold-individually","11":"shipping-taxable","12":"purchasable","13":"product-type-simple"},"_links":{"self":[{"href":"https:\/\/farm-good.com\/it\/wp-json\/wp\/v2\/product\/12173","targetHints":{"allow":["GET"]}}],"collection":[{"href":"https:\/\/farm-good.com\/it\/wp-json\/wp\/v2\/product"}],"about":[{"href":"https:\/\/farm-good.com\/it\/wp-json\/wp\/v2\/types\/product"}],"replies":[{"embeddable":true,"href":"https:\/\/farm-good.com\/it\/wp-json\/wp\/v2\/comments?post=12173"}],"version-history":[{"count":3,"href":"https:\/\/farm-good.com\/it\/wp-json\/wp\/v2\/product\/12173\/revisions"}],"predecessor-version":[{"id":12195,"href":"https:\/\/farm-good.com\/it\/wp-json\/wp\/v2\/product\/12173\/revisions\/12195"}],"wp:featuredmedia":[{"embeddable":true,"href":"https:\/\/farm-good.com\/it\/wp-json\/wp\/v2\/media\/12188"}],"wp:attachment":[{"href":"https:\/\/farm-good.com\/it\/wp-json\/wp\/v2\/media?parent=12173"}],"wp:term":[{"taxonomy":"product_brand","embeddable":true,"href":"https:\/\/farm-good.com\/it\/wp-json\/wp\/v2\/product_brand?post=12173"},{"taxonomy":"product_cat","embeddable":true,"href":"https:\/\/farm-good.com\/it\/wp-json\/wp\/v2\/product_cat?post=12173"},{"taxonomy":"product_tag","embeddable":true,"href":"https:\/\/farm-good.com\/it\/wp-json\/wp\/v2\/product_tag?post=12173"}],"curies":[{"name":"wp","href":"https:\/\/api.w.org\/{rel}","templated":true}]}}