{"id":9935,"date":"2024-10-02T09:59:53","date_gmt":"2024-10-02T07:59:53","guid":{"rendered":"https:\/\/farm-good.com\/carta-delle-responsabilita\/"},"modified":"2026-02-18T15:15:31","modified_gmt":"2026-02-18T14:15:31","slug":"carta-delle-responsabilita","status":"publish","type":"page","link":"https:\/\/farm-good.com\/it\/carta-delle-responsabilita\/","title":{"rendered":"Carta delle responsabilit\u00e0"},"content":{"rendered":"\t\t<div data-elementor-type=\"wp-page\" data-elementor-id=\"9935\" class=\"elementor elementor-9935 elementor-9251\">\n\t\t\t\t\t\t<section class=\"elementor-section elementor-top-section elementor-element elementor-element-24957ce elementor-section-stretched elementor-section-boxed elementor-section-height-default elementor-section-height-default\" data-id=\"24957ce\" data-element_type=\"section\" data-e-type=\"section\" data-settings=\"{&quot;stretch_section&quot;:&quot;section-stretched&quot;}\">\n\t\t\t\t\t\t<div class=\"elementor-container elementor-column-gap-default\">\n\t\t\t\t\t<div class=\"elementor-column elementor-col-100 elementor-top-column elementor-element elementor-element-92b40db\" data-id=\"92b40db\" data-element_type=\"column\" data-e-type=\"column\">\n\t\t\t<div class=\"elementor-widget-wrap elementor-element-populated\">\n\t\t\t\t\t\t<div class=\"elementor-element elementor-element-1c69455 elementor-widget elementor-widget-text-editor\" data-id=\"1c69455\" data-element_type=\"widget\" data-e-type=\"widget\" data-widget_type=\"text-editor.default\">\n\t\t\t\t\t\t\t\t\t<p><strong>Carta del Produttore <\/strong><strong>produttori<\/strong><strong> su <\/strong><strong>Azienda agricola<\/strong><strong>&#8211;<\/strong><strong>g<\/strong><strong>ood<\/strong><\/p><p>Farm-good \u00e8 una piattaforma che riunisce privati e produttori.\nQuesta carta descrive le responsabilit\u00e0 dei produttori nei confronti dei clienti che utilizzano la piattaforma. <\/p><p><strong>Impegno per la qualit\u00e0<\/strong><\/p><p>I produttori si impegnano a offrire prodotti agricoli freschi, biologici e sostenibili della massima qualit\u00e0, nel rispetto di rigorosi standard di coltivazione e produzione.<\/p><p><strong>Trasparenza e tracciabilit\u00e0<\/strong><\/p><p>I produttori forniscono informazioni dettagliate sulle loro pratiche agricole e sull&#8217;origine dei loro prodotti, garantendo ai clienti una tracciabilit\u00e0 completa.<\/p><p><strong>Un servizio clienti esemplare<\/strong><\/p><p>I produttori si impegnano a offrire un servizio clienti attento e reattivo.\nQualsiasi domanda o reclamo sar\u00e0 trattato tempestivamente per garantire la soddisfazione e la fiducia del cliente. <\/p><p><strong>Rispetto per l&#8217;ambiente<\/strong><\/p><p>I produttori adottano pratiche agricole rispettose dell&#8217;ambiente e lavorano per ridurre al minimo l&#8217;impronta di carbonio.<\/p><p><strong>Sicurezza alimentare<\/strong><\/p><p>I produttori garantiscono che tutti i prodotti consegnati siano conformi agli attuali standard di sicurezza alimentare e che i processi di stoccaggio e consegna mantengano la freschezza e la sicurezza dei prodotti fino all&#8217;arrivo al cliente.<\/p><p><strong>Impegno sociale<\/strong><\/p><p>I produttori garantiscono condizioni di lavoro eque e contribuiscono allo sviluppo economico delle comunit\u00e0 rurali locali.<\/p><p><strong>Condizioni di rimborso<\/strong><\/p><p>In caso di problemi con i prodotti consegnati, i produttori si impegnano a :<\/p><ul><li>Sostituire il prodotto difettoso o il prodotto consegnato in cattive condizioni senza alcun costo aggiuntivo per il cliente.<\/li><li>Offrire un rimborso completo per qualsiasi prodotto non conforme all&#8217;ordine o agli standard di qualit\u00e0.<\/li><li>I clienti devono segnalare eventuali problemi entro 24 ore dalla ricezione dei prodotti fornendo prove (foto, descrizione dettagliata) del problema riscontrato.<\/li><li>I rimborsi saranno effettuati dal produttore entro 7 giorni lavorativi dalla convalida della richiesta.<\/li><\/ul><p><strong>Contatti e feedback<\/strong><\/p><p>Per qualsiasi domanda, suggerimento o reclamo, i clienti possono contattare i produttori tramite la piattaforma Farmers-Good.\nI produttori devono rispondere in modo rapido ed efficace per risolvere i problemi dei clienti. <\/p><p> <\/p><p> <\/p><p><u><strong>Addendum<\/strong><\/u><\/p><p><strong>Addendum per il trasferimento internazionale dei dati di <\/strong><strong>Azienda agricola<\/strong><strong>&#8211;<\/strong><strong>g<\/strong><strong>ood<\/strong><\/p><p>Il presente addendum descrive le disposizioni di Farm-good per il trasferimento internazionale dei dati personali in conformit\u00e0 al Regolamento britannico sulla protezione dei dati.<\/p><p><strong>Ambito e applicazione<\/strong><\/p><p>Il presente addendum si applica ai trasferimenti di dati personali dal Regno Unito verso altri Paesi.\nEsso integra gli accordi di trattamento dei dati esistenti per garantire la conformit\u00e0 al Regolamento Generale sulla Protezione dei Dati (GDPR) e alle leggi del Regno Unito. <\/p><p><strong>Garanzie e misure di protezione<\/strong><\/p><p>Farm-good mette in atto misure di sicurezza adeguate per proteggere i dati trasferiti, tra cui :<\/p><ul><li>Clausole contrattuali standard approvate dagli enti regolatori<\/li><li>Misure tecniche e organizzative per proteggere i dati<\/li><\/ul><p><strong>Diritti dell&#8217;utente<\/strong><\/p><p>Gli utenti hanno dei diritti in merito ai loro dati trasferiti, tra cui il diritto di accesso, rettifica e cancellazione.\nFarm-good si impegna a rispondere a tali richieste in conformit\u00e0 alle leggi vigenti. <\/p><p><strong>Aggiornamenti<\/strong><\/p><p>Il presente addendum pu\u00f2 essere aggiornato in base alle modifiche normative.\nGli utenti saranno informati di eventuali modifiche significative. <\/p><p>Per ulteriori dettagli, consulta il<a href=\"https:\/\/ico.org.uk\/media\/for-organisations\/documents\/4019539\/international-data-transfer-addendum.pdf\" target=\"_blank\" rel=\"noopener\"><u>Addendum sul trasferimento internazionale dei dati<\/u><\/a> sul sito web dell&#8217;ICO.<\/p><p> <\/p><p><u><strong>Riservatezza nei confronti dei produttori<\/strong><\/u><u><strong> e consegnatari<\/strong><\/u><\/p><p><strong>Informativa sulla privacy <\/strong><strong>Azienda agricola<\/strong><strong>&#8211;<\/strong><strong>g<\/strong><strong>ode per i richiedenti<\/strong><\/p><p>La presente informativa descrive le modalit\u00e0 con cui Farm-good raccoglie, utilizza, divulga ed elabora i dati personali (&#8220;Dati del Partner&#8221;) di persone o aziende che si candidano o sono idonee a candidarsi per una posizione con Farm-good (&#8220;Partner&#8221;).<\/p><p><strong>Ambito e applicazione<\/strong><\/p><p>La presente informativa disciplina il trattamento dei Dati del Partner da parte di Farm-good in qualsiasi parte del mondo nel contesto di una partnership sulla piattaforma Farm-good.<\/p><p><strong>Collezione di P<\/strong><strong>artenaire<\/strong><\/p><p>Farm-good raccoglie i seguenti Dati dei partner direttamente dai suoi partner:<\/p><ul><li>nome, indirizzo postale, indirizzo e-mail, numero di telefono o altri dati di contatto,<\/li><li>certificati, trascrizioni e altre prove dell&#8217;esperienza professionale o della formazione, anche in formato video\/audio,<\/li><li>servizio\/i desiderato\/i, mobilit\u00e0 geografica e altre preferenze legate al servizio,<\/li><li>le circostanze in cui il Richiedente \u00e8 venuto a conoscenza dell&#8217;esistenza del sito,<\/li><li>partner precedente, date di inizio o fine dell&#8217;interruzione, tipo di servizio<\/li><li>i nomi e i dati di contatto delle persone che hanno fatto la raccomandazione, se applicabile,<\/li><li>nome e dati di contatto delle persone da contattare per le referenze (tenendo presente che \u00e8 tua esclusiva responsabilit\u00e0 ottenere il loro consenso prima di divulgare i loro dati personali),<\/li><li>qualsiasi altro dato personale fornito durante il processo di candidatura o di colloquio con Farm-good, comprese le informazioni sulla valutazione delle tue competenze, formazione o esperienza professionale.<\/li><\/ul><p>Farm-good pu\u00f2 ricevere questo tipo di dati anche da altre fonti:<\/p><ul><li>dati relativi a controlli di base, che possono includere un estratto del casellario giudiziario, ove autorizzato dalla legge,<\/li><li>informazioni provenienti da fonti pubbliche, social network ed ex datori di lavoro e\/o enti di formazione,<\/li><li>informazioni fornite dalle persone da contattare per le referenze del richiedente.<\/li><\/ul><p>Inoltre, laddove autorizzato dalla legge, possiamo anche dedurre alcune di queste informazioni per gli ex Partner al fine di migliorare le nostre condizioni di partnership.\nQueste informazioni vengono raccolte solo su base volontaria e, laddove richiesto dalla legge, previa tua espressa autorizzazione.\nSe ti rifiuti di fornire queste informazioni, ci\u00f2 non influir\u00e0 sulla tua candidatura.\nSe scegli di fornire queste informazioni, acconsenti al loro utilizzo come parte di un processo di monitoraggio delle pari opportunit\u00e0.\nQueste informazioni saranno raccolte e conservate in forma anonima e non saranno prese in considerazione nella valutazione della tua candidatura.    <\/p>\t\t\t\t\t\t\t\t<\/div>\n\t\t\t\t\t<\/div>\n\t\t<\/div>\n\t\t\t\t\t<\/div>\n\t\t<\/section>\n\t\t\t\t<\/div>\n\t\t","protected":false},"excerpt":{"rendered":"<p>Carta del Produttore produttori su Azienda agricola&#8211;good Farm-good \u00e8 una piattaforma che riunisce privati e produttori. Questa carta descrive le responsabilit\u00e0 dei produttori nei confronti dei clienti che utilizzano la piattaforma. Impegno per la qualit\u00e0 I produttori si impegnano a offrire prodotti agricoli freschi, biologici e sostenibili della massima qualit\u00e0, nel rispetto di rigorosi standard &hellip; <a href=\"https:\/\/farm-good.com\/it\/carta-delle-responsabilita\/\" class=\"more-link\">Continua la lettura di <span class=\"screen-reader-text\">Carta delle responsabilit\u00e0<\/span><\/a><\/p>\n","protected":false},"author":1,"featured_media":0,"parent":0,"menu_order":0,"comment_status":"closed","ping_status":"closed","template":"","meta":{"footnotes":""},"class_list":["post-9935","page","type-page","status-publish","hentry"],"_links":{"self":[{"href":"https:\/\/farm-good.com\/it\/wp-json\/wp\/v2\/pages\/9935","targetHints":{"allow":["GET"]}}],"collection":[{"href":"https:\/\/farm-good.com\/it\/wp-json\/wp\/v2\/pages"}],"about":[{"href":"https:\/\/farm-good.com\/it\/wp-json\/wp\/v2\/types\/page"}],"author":[{"embeddable":true,"href":"https:\/\/farm-good.com\/it\/wp-json\/wp\/v2\/users\/1"}],"replies":[{"embeddable":true,"href":"https:\/\/farm-good.com\/it\/wp-json\/wp\/v2\/comments?post=9935"}],"version-history":[{"count":2,"href":"https:\/\/farm-good.com\/it\/wp-json\/wp\/v2\/pages\/9935\/revisions"}],"predecessor-version":[{"id":12121,"href":"https:\/\/farm-good.com\/it\/wp-json\/wp\/v2\/pages\/9935\/revisions\/12121"}],"wp:attachment":[{"href":"https:\/\/farm-good.com\/it\/wp-json\/wp\/v2\/media?parent=9935"}],"curies":[{"name":"wp","href":"https:\/\/api.w.org\/{rel}","templated":true}]}}