{"id":10959,"date":"2024-11-11T18:20:08","date_gmt":"2024-11-11T17:20:08","guid":{"rendered":"https:\/\/farm-good.com\/?post_type=product&#038;p=10959"},"modified":"2026-04-13T13:39:26","modified_gmt":"2026-04-13T11:39:26","slug":"pommes-de-terre-frites-fraiches-2-kg","status":"publish","type":"product","link":"https:\/\/farm-good.com\/de\/produit\/pommes-de-terre-frites-fraiches-2-kg\/","title":{"rendered":"Pommes de terre &#8211; Frites fra\u00eeches 2 kg"},"content":{"rendered":"<ul>\n<li><\/li>\n<\/ul>\n","protected":false},"excerpt":{"rendered":"<p>Pomme de terre, frites fra\u00eeches 8 mm, vari\u00e9t\u00e9 Agria en sac sous vide 5 kg<\/p>\n","protected":false},"featured_media":0,"comment_status":"open","ping_status":"closed","template":"","meta":[],"product_brand":[],"product_cat":[484,487],"product_tag":[],"class_list":{"0":"post-10959","1":"product","2":"type-product","3":"status-publish","5":"product_cat-fruits-legumes-2","6":"product_cat-pommes-de-terre-carottes-navets-2","8":"first","9":"instock","10":"sold-individually","11":"shipping-taxable","12":"purchasable","13":"product-type-simple"},"_links":{"self":[{"href":"https:\/\/farm-good.com\/de\/wp-json\/wp\/v2\/product\/10959","targetHints":{"allow":["GET"]}}],"collection":[{"href":"https:\/\/farm-good.com\/de\/wp-json\/wp\/v2\/product"}],"about":[{"href":"https:\/\/farm-good.com\/de\/wp-json\/wp\/v2\/types\/product"}],"replies":[{"embeddable":true,"href":"https:\/\/farm-good.com\/de\/wp-json\/wp\/v2\/comments?post=10959"}],"version-history":[{"count":1,"href":"https:\/\/farm-good.com\/de\/wp-json\/wp\/v2\/product\/10959\/revisions"}],"predecessor-version":[{"id":10960,"href":"https:\/\/farm-good.com\/de\/wp-json\/wp\/v2\/product\/10959\/revisions\/10960"}],"wp:attachment":[{"href":"https:\/\/farm-good.com\/de\/wp-json\/wp\/v2\/media?parent=10959"}],"wp:term":[{"taxonomy":"product_brand","embeddable":true,"href":"https:\/\/farm-good.com\/de\/wp-json\/wp\/v2\/product_brand?post=10959"},{"taxonomy":"product_cat","embeddable":true,"href":"https:\/\/farm-good.com\/de\/wp-json\/wp\/v2\/product_cat?post=10959"},{"taxonomy":"product_tag","embeddable":true,"href":"https:\/\/farm-good.com\/de\/wp-json\/wp\/v2\/product_tag?post=10959"}],"curies":[{"name":"wp","href":"https:\/\/api.w.org\/{rel}","templated":true}]}}