{"id":9940,"date":"2024-09-09T13:42:39","date_gmt":"2024-09-09T11:42:39","guid":{"rendered":"https:\/\/farm-good.com\/datenschutzrichtlinie\/"},"modified":"2025-04-23T06:41:55","modified_gmt":"2025-04-23T04:41:55","slug":"datenschutzrichtlinie","status":"publish","type":"page","link":"https:\/\/farm-good.com\/de\/datenschutzrichtlinie\/","title":{"rendered":"Datenschutzrichtlinie"},"content":{"rendered":"\t\t<div data-elementor-type=\"wp-page\" data-elementor-id=\"9940\" class=\"elementor elementor-9940 elementor-8740\">\n\t\t\t\t\t\t<section class=\"elementor-section elementor-top-section elementor-element elementor-element-24957ce elementor-section-stretched elementor-section-boxed elementor-section-height-default elementor-section-height-default\" data-id=\"24957ce\" data-element_type=\"section\" data-e-type=\"section\" data-settings=\"{&quot;stretch_section&quot;:&quot;section-stretched&quot;}\">\n\t\t\t\t\t\t<div class=\"elementor-container elementor-column-gap-default\">\n\t\t\t\t\t<div class=\"elementor-column elementor-col-100 elementor-top-column elementor-element elementor-element-92b40db\" data-id=\"92b40db\" data-element_type=\"column\" data-e-type=\"column\">\n\t\t\t<div class=\"elementor-widget-wrap elementor-element-populated\">\n\t\t\t\t\t\t<div class=\"elementor-element elementor-element-1c69455 elementor-widget elementor-widget-text-editor\" data-id=\"1c69455\" data-element_type=\"widget\" data-e-type=\"widget\" data-widget_type=\"text-editor.default\">\n\t\t\t\t\t\t\t\t\t<h3 data-start=\"110\" data-end=\"134\"><strong data-start=\"136\" data-end=\"161\" style=\"text-wrap-mode: initial; font-size: 14px;\"><span style=\"font-weight: 400; text-decoration-line: underline;\"><strong>Eigent\u00fcmer der Website<\/strong><\/span><br style=\"font-weight: 400;\"><\/strong><\/h3>\n<h3 data-start=\"110\" data-end=\"134\"><strong data-start=\"136\" data-end=\"161\" style=\"text-wrap-mode: initial; font-size: 14px;\">Name des Eigent\u00fcmers :<\/strong><span style=\"text-wrap-mode: initial; font-size: 14px; font-weight: normal;\"> Gokhan Sabaz<\/span><\/h3>\n<div><span style=\"text-wrap-mode: initial; font-size: 14px;\"><b>Unternehmen<\/b><\/span><span style=\"text-wrap-mode: initial; font-size: 14px; font-weight: normal;\"> SG-Trade Sabaz<\/span><\/div>\n<p data-start=\"136\" data-end=\"341\"><strong data-start=\"177\" data-end=\"191\">Funktion:<\/strong> Eigent\u00fcmer und CEO<br data-start=\"211\" data-end=\"214\"><strong data-start=\"214\" data-end=\"227\">Adresse:<\/strong> c\/o Xenia Consulting S\u00e0rl, Route du Bugnon 4, Bouveret, 1897 CH<\/p>\n<p><strong style=\"text-wrap-mode: initial;\">&nbsp;<\/strong><\/p>\n<p><span style=\"text-decoration: underline;\"><strong>Webmaster<\/strong><\/span><br>Bei technischen Fragen zu dieser Website oder ihrem Inhalt wenden Sie sich bitte an :<\/p>\n<ul>\n<li><strong>Name des Webmasters :<\/strong> <a href=\"https:\/\/justincappelle.ch\" target=\"_new\" rel=\"noopener\">Justin Cappelle<\/a><\/li>\n<li><strong>E-Mail-Adresse:<\/strong> <a rel=\"noopener\">justin@etik-com<\/a><\/li>\n<\/ul>\n<p><u><strong>Die Cookies<\/strong><\/u><\/p>\n<p><strong>Hinweis zu den Cookies von <\/strong><strong>Farm<\/strong><strong>&#8211;<\/strong><strong>g<\/strong><strong>ood<\/strong><\/p>\n<p>Farm-good und seine Drittpartner verwenden &#8220;Cookies&#8221; und andere Verfolgungstechnologien (zusammen die &#8220;Verfolgungstechnologien&#8221;), einschlie\u00dflich Verfolgungstechnologien von Dritten, auf den Webseiten, Anwendungen, E-Mail-Kommunikationen, Anzeigen und anderen Online-Diensten von Farm-good (zusammen die &#8220;Online-Eigenschaften&#8221;). Diese werden verwendet, um die Nutzung der Dienste von Farm-good (die &#8220;Dienste&#8221;) und der Online-Eigenschaften zu erm\u00f6glichen, zu verbessern, zu personalisieren und zu analysieren, sowie f\u00fcr Zwecke der personalisierten Werbung. <\/p>\n<p><strong>Die verwendeten Tracking-Technologien<\/strong><\/p>\n<ul>\n<li><strong>Cookies<\/strong>: Kleine Textdateien, die in Ihrem Browser oder auf Ihrem Ger\u00e4t abgelegt werden und von der besuchten Website oder Anwendung (&#8220;propriet\u00e4re Cookies&#8221;) oder von anderen Websites (&#8220;Cookies von Drittanbietern&#8221;) erstellt werden. Wir verwenden Sitzungscookies (die beim Schlie\u00dfen des Browsers ablaufen) und dauerhafte Cookies (die nach einer bestimmten Zeit ablaufen). <\/li>\n<li><strong>Clear<\/strong> GIFs: Kleine Codebl\u00f6cke zur Identifizierung von Nutzern und zur Verfolgung von Interaktionen mit unseren Online-Eigenschaften.<\/li>\n<li><strong>Software Development Kits (SDKs)<\/strong>: Codebl\u00f6cke, die Cookies und Pixeln \u00e4hnlich sind und in mobilen Anwendungen verwendet werden.<\/li>\n<li><strong>Lokaler Speicher<\/strong>: Dateien, die von Anwendungen oder Webseiten erstellt und auf Ihrem Ger\u00e4t oder in Ihrem Browser gespeichert werden.<\/li>\n<\/ul>\n<p><strong>Verwendung von Tracking-Technologien<\/strong><\/p>\n<p>Die folgende Tabelle beschreibt die Kategorien von Tracking-Technologien, die Zwecke, f\u00fcr die sie verwendet werden, und ob sie von Farm-good oder Dritten platziert werden:<\/p>\n<ul>\n<li><strong>Unbedingt erforderlich<\/strong>: Erm\u00f6glichen und sch\u00fctzen die Nutzung der Online-Dienste und -Eigenschaften von Farm-good.<\/li>\n<li><strong>Funktionalit\u00e4t<\/strong>: Bieten verbesserte und personalisierte Funktionalit\u00e4t, um die Bereitstellung unserer Dienste zu unterst\u00fctzen.<\/li>\n<li><strong>Analysen und Leistung<\/strong>: Verstehen, wie Sie mit unseren Online-Diensten und -Immobilien interagieren und \u00fcberwachen die Leistung.<\/li>\n<li><strong>Werbung<\/strong>: Zeigt und misst die Effektivit\u00e4t von personalisierter Werbung in Anwendungen oder Webseiten Dritter.<\/li>\n<\/ul>\n<p><strong>Ihre Wahl<\/strong><\/p>\n<ul>\n<li><strong>Cookie-Banner<\/strong>: Erm\u00f6glicht Ihnen, nicht-essentielle Tracking-Technologien zu akzeptieren oder abzulehnen.<\/li>\n<li><strong>Browsereinstellungen<\/strong>: Erm\u00f6glicht die Ablehnung von Cookies \u00fcber die Anweisungen des Browsers.<\/li>\n<li><strong>Abmeldelinks von Drittanbietern<\/strong>: Erm\u00f6glicht die Ablehnung von Tracking-Technologien \u00fcber Abmeldelinks.<\/li>\n<li><strong>Auswahl des Betriebssystems<\/strong>: Erm\u00f6glicht Ihnen, die Verwendung von Tracking-Technologien auf mobilen Ger\u00e4ten zu kontrollieren.<\/li>\n<\/ul>\n<p>F\u00fcr weitere Informationen besuchen Sie bitte www.Farm-goog.com.<\/p>\n<p><strong>Aktualisierungen dieser Erkl\u00e4rung<\/strong><\/p>\n<p>Wir k\u00f6nnen diese Erkl\u00e4rung von Zeit zu Zeit aktualisieren. Wir empfehlen Ihnen, diese Seite von Zeit zu Zeit zu besuchen, um aktuelle Informationen \u00fcber unsere Verwendung von Tracking-Technologien zu erhalten. <\/p>\n<p><u><strong>Datenschutz f\u00fcr Nutzer<\/strong><\/u><\/p>\n<p><strong>DATENSCHUTZERKL\u00c4RUNG VON FARM-<\/strong><strong>G<\/strong><strong>OOD F\u00dcR DIE NUTZER<\/strong><\/p>\n<p>Diese Mitteilung beschreibt die von Farm-good angewandten Modalit\u00e4ten f\u00fcr die Sammlung, Nutzung, Offenlegung und anderweitige Verarbeitung der pers\u00f6nlichen Daten (die &#8220;Benutzerdaten&#8221;) von Personen, die die Farm-good-Plattform nutzen, um mit Produzenten in Verbindung zu treten (die &#8220;Benutzer&#8221;).<\/p>\n<p><strong>UMFANG UND ANWENDUNG<\/strong><\/p>\n<p>Dieser Hinweis regelt die Verarbeitung von Benutzerdaten durch Farm-good weltweit im Zusammenhang mit der Nutzung der Farm-good-Plattform f\u00fcr die Kontaktaufnahme mit Erzeugern.<\/p>\n<p><strong>SAMMLUNG VON NUTZERDATEN<\/strong><\/p>\n<p>Farm-good sammelt die folgenden Benutzerdaten direkt von den Benutzern:<\/p>\n<ul>\n<li>Name, Postanschrift, E-Mail-Adresse, Telefonnummer oder andere Kontaktdaten<\/li>\n<li>Informationen \u00fcber Bestellungen und Transaktionen, die \u00fcber die Plattform abgewickelt werden<\/li>\n<li>Pr\u00e4ferenzen und Kommentare zu landwirtschaftlichen und anderen Produkten<\/li>\n<li>Zahlungsdaten und Transaktionshistorie<\/li>\n<li>Alle anderen pers\u00f6nlichen Daten, die w\u00e4hrend der Nutzung der Farm-good-Plattform zur Verf\u00fcgung gestellt werden.<\/li>\n<\/ul>\n<p>Farm-good kann diese Art von Daten auch aus anderen Quellen erhalten:<\/p>\n<ul>\n<li>Informationen, die von sozialen Netzwerken gesammelt werden, wenn der Nutzer sich \u00fcber diese Plattformen einloggt.<\/li>\n<li>Daten aus fr\u00fcheren Transaktionen und Interaktionen mit den Produzenten<\/li>\n<\/ul>\n<p><strong>NUTZUNG VON NUTZERDATEN<\/strong><\/p>\n<p>Farm-good verwendet die Benutzerdaten f\u00fcr :<\/p>\n<ul>\n<li>Erleichterung der Kontaktaufnahme zwischen Nutzern und Produzenten<\/li>\n<li>Verwaltung und Bearbeitung von Auftr\u00e4gen und Transaktionen<\/li>\n<li>Verbesserung der Benutzererfahrung und Optimierung der angebotenen Dienstleistungen<\/li>\n<li>Senden von Mitteilungen \u00fcber die Dienstleistungen von Farm-good<\/li>\n<li>Analyse der Trends und des Verhaltens der Nutzer, um Produkte und Dienstleistungen zu verbessern<\/li>\n<\/ul>\n<p><strong>GEMEINSAME NUTZUNG VON NUTZERDATEN<\/strong><\/p>\n<p>Ihre Benutzerdaten k\u00f6nnen weitergegeben werden:<\/p>\n<ul>\n<li>Mit den verbundenen Unternehmen von Farm-good<\/li>\n<li>Mit dritten Dienstleistern f\u00fcr die Verwaltung von Transaktionen und Lieferungen<\/li>\n<li>Im Rahmen von Verhandlungen oder im Zusammenhang mit einer Fusion, einem Verkauf von Verm\u00f6genswerten oder einer \u00dcbernahme<\/li>\n<li>Mit den Strafverfolgungsbeh\u00f6rden, wenn dies gesetzlich vorgeschrieben ist.<\/li>\n<\/ul>\n<p><strong>COOKIES UND TECHNOLOGIEN VON DRITTEN<\/strong><\/p>\n<p>Farm-good kann Cookies und andere \u00e4hnliche Technologien verwenden, um Daten \u00fcber die Nutzung der Plattform zu sammeln und die angebotenen Dienstleistungen zu verbessern.<\/p>\n<p><strong>AUFBEWAHRUNG UND L\u00d6SCHUNG VON NUTZERDATEN<\/strong><\/p>\n<p>Farm-good speichert Ihre Benutzerdaten w\u00e4hrend der gesamten Dauer der Nutzung der Plattform. Danach werden die Daten in \u00dcbereinstimmung mit den geltenden Gesetzen aufbewahrt oder nach einer bestimmten Frist, die durch diese Gesetze festgelegt ist, gel\u00f6scht. <\/p>\n<p><strong>IHRE RECHTE<\/strong><\/p>\n<p>In Bezug auf die Verwaltung Ihrer Benutzerdaten durch Farm-good haben Sie das Recht:<\/p>\n<ul>\n<li>Zugriff auf Ihre pers\u00f6nlichen Daten<\/li>\n<li>Fehler in Bezug auf Ihre pers\u00f6nlichen Daten zu korrigieren<\/li>\n<li>Ihre Benutzerdaten zu l\u00f6schen oder zu entfernen<\/li>\n<li>sich bestimmten Verarbeitungen Ihrer Benutzerdaten zu widersetzen oder diese einzuschr\u00e4nken<\/li>\n<li>Ihre Benutzerdaten in einem verwertbaren elektronischen Format zu erhalten und sie weiterzugeben (Daten\u00fcbertragbarkeit)<\/li>\n<li>Ihre Zustimmung zur Verarbeitung Ihrer Benutzerdaten zu widerrufen<\/li>\n<\/ul>\n<p><strong>FRAGEN UND KOMMENTARE<\/strong><\/p>\n<p>Bei Fragen oder Anmerkungen zu dieser Stellungnahme wenden Sie sich bitte an :<\/p>\n<p>Farm-good.com<br>Attn: Legal &#8211; Privacy<br>[info@farm-good.com].<\/p>\t\t\t\t\t\t\t\t<\/div>\n\t\t\t\t\t<\/div>\n\t\t<\/div>\n\t\t\t\t\t<\/div>\n\t\t<\/section>\n\t\t\t\t<\/div>\n\t\t","protected":false},"excerpt":{"rendered":"<p>Eigent\u00fcmer der Website Name des Eigent\u00fcmers : Gokhan Sabaz Unternehmen SG-Trade Sabaz Funktion: Eigent\u00fcmer und CEOAdresse: c\/o Xenia Consulting S\u00e0rl, Route du Bugnon 4, Bouveret, 1897 CH &nbsp; WebmasterBei technischen Fragen zu dieser Website oder ihrem Inhalt wenden Sie sich bitte an : Name des Webmasters : Justin Cappelle E-Mail-Adresse: justin@etik-com Die Cookies Hinweis zu &hellip; <a href=\"https:\/\/farm-good.com\/de\/datenschutzrichtlinie\/\" class=\"more-link\">Lesen Sie weiter &quot; <span class=\"screen-reader-text\">Datenschutzrichtlinie<\/span><\/a><\/p>\n","protected":false},"author":1,"featured_media":0,"parent":0,"menu_order":0,"comment_status":"closed","ping_status":"closed","template":"","meta":{"footnotes":""},"class_list":["post-9940","page","type-page","status-publish","hentry"],"_links":{"self":[{"href":"https:\/\/farm-good.com\/de\/wp-json\/wp\/v2\/pages\/9940","targetHints":{"allow":["GET"]}}],"collection":[{"href":"https:\/\/farm-good.com\/de\/wp-json\/wp\/v2\/pages"}],"about":[{"href":"https:\/\/farm-good.com\/de\/wp-json\/wp\/v2\/types\/page"}],"author":[{"embeddable":true,"href":"https:\/\/farm-good.com\/de\/wp-json\/wp\/v2\/users\/1"}],"replies":[{"embeddable":true,"href":"https:\/\/farm-good.com\/de\/wp-json\/wp\/v2\/comments?post=9940"}],"version-history":[{"count":3,"href":"https:\/\/farm-good.com\/de\/wp-json\/wp\/v2\/pages\/9940\/revisions"}],"predecessor-version":[{"id":11540,"href":"https:\/\/farm-good.com\/de\/wp-json\/wp\/v2\/pages\/9940\/revisions\/11540"}],"wp:attachment":[{"href":"https:\/\/farm-good.com\/de\/wp-json\/wp\/v2\/media?parent=9940"}],"curies":[{"name":"wp","href":"https:\/\/api.w.org\/{rel}","templated":true}]}}