{"id":9939,"date":"2024-10-02T09:59:53","date_gmt":"2024-10-02T07:59:53","guid":{"rendered":"https:\/\/farm-good.com\/charta-der-rechenschaftspflicht\/"},"modified":"2026-02-18T15:15:30","modified_gmt":"2026-02-18T14:15:30","slug":"charta-der-rechenschaftspflicht","status":"publish","type":"page","link":"https:\/\/farm-good.com\/de\/charta-der-rechenschaftspflicht\/","title":{"rendered":"Charta der Rechenschaftspflicht"},"content":{"rendered":"\t\t<div data-elementor-type=\"wp-page\" data-elementor-id=\"9939\" class=\"elementor elementor-9939 elementor-9251\">\n\t\t\t\t\t\t<section class=\"elementor-section elementor-top-section elementor-element elementor-element-24957ce elementor-section-stretched elementor-section-boxed elementor-section-height-default elementor-section-height-default\" data-id=\"24957ce\" data-element_type=\"section\" data-e-type=\"section\" data-settings=\"{&quot;stretch_section&quot;:&quot;section-stretched&quot;}\">\n\t\t\t\t\t\t<div class=\"elementor-container elementor-column-gap-default\">\n\t\t\t\t\t<div class=\"elementor-column elementor-col-100 elementor-top-column elementor-element elementor-element-92b40db\" data-id=\"92b40db\" data-element_type=\"column\" data-e-type=\"column\">\n\t\t\t<div class=\"elementor-widget-wrap elementor-element-populated\">\n\t\t\t\t\t\t<div class=\"elementor-element elementor-element-1c69455 elementor-widget elementor-widget-text-editor\" data-id=\"1c69455\" data-element_type=\"widget\" data-e-type=\"widget\" data-widget_type=\"text-editor.default\">\n\t\t\t\t\t\t\t\t\t<p><strong>Charta der Verantwortung der Erzeuger <\/strong><strong>Produzenten<\/strong><strong> auf <\/strong><strong>Farm<\/strong><strong>&#8211;<\/strong><strong>g<\/strong><strong>ood<\/strong><\/p><p>Farm-good ist eine Plattform, die Privatpersonen und Produzenten zusammenbringt.\nDiese Charta beschreibt die Verantwortlichkeiten der Produzenten gegen\u00fcber den Kunden, die die Plattform nutzen. <\/p><p><strong>Verpflichtung zu Qualit\u00e4t<\/strong><\/p><p>Die Erzeuger verpflichten sich, landwirtschaftliche Produkte von h\u00f6chster Qualit\u00e4t anzubieten, die frisch, biologisch und nachhaltig angebaut werden, wobei strenge Anbau- und Produktionsstandards eingehalten werden.<\/p><p><strong>Transparenz und Nachvollziehbarkeit<\/strong><\/p><p>Die Erzeuger stellen detaillierte Informationen \u00fcber ihre landwirtschaftlichen Praktiken und die Herkunft der Produkte zur Verf\u00fcgung und gew\u00e4hrleisten so eine vollst\u00e4ndige R\u00fcckverfolgbarkeit f\u00fcr die Kunden.<\/p><p><strong>Vorbildlicher Kundenservice<\/strong><\/p><p>Die Produzenten verpflichten sich, einen reaktiven und aufmerksamen Kundenservice zu bieten.\nAlle Fragen oder Beschwerden werden mit Sorgfalt behandelt, um die Zufriedenheit und das Vertrauen der Kunden zu gew\u00e4hrleisten. <\/p><p><strong>Respekt f\u00fcr die Umwelt<\/strong><\/p><p>Die Produzenten wenden umweltfreundliche landwirtschaftliche Praktiken an und arbeiten daran, ihren CO2-Fu\u00dfabdruck zu minimieren.<\/p><p><strong>Lebensmittelsicherheit<\/strong><\/p><p>Die Erzeuger stellen sicher, dass alle gelieferten Produkte den geltenden Standards f\u00fcr Lebensmittelsicherheit entsprechen und dass die Lagerungs- und Lieferungsprozesse die Frische und Sicherheit der Produkte bis zu ihrer Ankunft beim Kunden aufrechterhalten.<\/p><p><strong>Soziales Engagement<\/strong><\/p><p>Die Produzenten garantieren faire Arbeitsbedingungen und tragen zur wirtschaftlichen Entwicklung der lokalen l\u00e4ndlichen Gemeinden bei.<\/p><p><strong>Bedingungen f\u00fcr die R\u00fcckerstattung<\/strong><\/p><p>Im Falle eines Problems mit den gelieferten Produkten verpflichten sich die Produzenten zu :<\/p><ul><li>das defekte oder in schlechtem Zustand gelieferte Produkt ohne zus\u00e4tzliche Kosten f\u00fcr den Kunden austauschen.<\/li><li>eine vollst\u00e4ndige R\u00fcckerstattung f\u00fcr jedes Produkt anbieten, das nicht der Bestellung oder den Qualit\u00e4tsstandards entspricht.<\/li><li>Die Kunden m\u00fcssen jedes Problem innerhalb von 24 Stunden nach Erhalt der Produkte melden und Beweise (Fotos, detaillierte Beschreibung) f\u00fcr das aufgetretene Problem vorlegen.<\/li><li>Die Erstattung erfolgt durch den Produzenten innerhalb von 7 Werktagen nach Best\u00e4tigung der Reklamation.<\/li><\/ul><p><strong>Kontakte und Feedback<\/strong><\/p><p>Bei Fragen, Anregungen oder Beschwerden k\u00f6nnen die Kunden die Produzenten \u00fcber die Farmers-Good-Plattform kontaktieren.\nDie Produzenten m\u00fcssen schnell und effizient reagieren, um die Anliegen der Kunden zu l\u00f6sen. <\/p><p> <\/p><p> <\/p><p><u><strong>Addendum<\/strong><\/u><\/p><p><strong>Addendum f\u00fcr den internationalen Datentransfer von <\/strong><strong>Farm<\/strong><strong>&#8211;<\/strong><strong>g<\/strong><strong>ood<\/strong><\/p><p>Dieser Zusatz beschreibt die von Farm-good angewandten Modalit\u00e4ten f\u00fcr die internationale \u00dcbertragung von pers\u00f6nlichen Daten gem\u00e4\u00df den Datenschutzbestimmungen des Vereinigten K\u00f6nigreichs.<\/p><p><strong>Umfang und Anwendung<\/strong><\/p><p>Dieser Zusatz gilt f\u00fcr die \u00dcbertragung von personenbezogenen Daten aus dem Vereinigten K\u00f6nigreich in andere L\u00e4nder.\nEr erg\u00e4nzt die bestehenden Datenverarbeitungsvereinbarungen, um die Einhaltung der Allgemeinen Datenschutzverordnung (GDPR) und der Gesetze des Vereinigten K\u00f6nigreichs zu gew\u00e4hrleisten. <\/p><p><strong>Garantien und Schutzma\u00dfnahmen<\/strong><\/p><p>Farm-good setzt angemessene Garantien ein, um die \u00fcbertragenen Daten zu sch\u00fctzen, einschlie\u00dflich :<\/p><ul><li>Von den Regulierungsbeh\u00f6rden genehmigte Standardvertragsklauseln<\/li><li>Technische und organisatorische Ma\u00dfnahmen zur Sicherung der Daten<\/li><\/ul><p><strong>Rechte der Nutzer<\/strong><\/p><p>Nutzer haben Rechte in Bezug auf ihre \u00fcbertragenen Daten, einschlie\u00dflich des Rechts auf Zugang, Berichtigung und L\u00f6schung.\nFarm-good verpflichtet sich, diese Anfragen in \u00dcbereinstimmung mit den geltenden Gesetzen zu beantworten. <\/p><p><strong>Updates<\/strong><\/p><p>Dieses Addendum kann aufgrund von \u00c4nderungen in der Gesetzgebung aktualisiert werden.\nDie Nutzer werden \u00fcber alle wesentlichen \u00c4nderungen informiert. <\/p><p>F\u00fcr weitere Einzelheiten lesen Sie bitte das<a href=\"https:\/\/ico.org.uk\/media\/for-organisations\/documents\/4019539\/international-data-transfer-addendum.pdf\" target=\"_blank\" rel=\"noopener\"><u>Addendum zur internationalen Daten\u00fcbertragung<\/u><\/a> auf der ICO-Website.<\/p><p> <\/p><p><u><strong>Vertraulichkeit gegen\u00fcber den Produzenten<\/strong><\/u><u><strong> und Lieferanten<\/strong><\/u><\/p><p><strong>Datenschutzerkl\u00e4rung von <\/strong><strong>Farm<\/strong><strong>&#8211;<\/strong><strong>g<\/strong><strong>ood f\u00fcr Bewerber<\/strong><\/p><p>Diese Mitteilung beschreibt die von Farm-good angewandten Bedingungen f\u00fcr das Sammeln, die Nutzung, die Offenlegung und die Verarbeitung der pers\u00f6nlichen Daten (die &#8220;Partnerdaten&#8221;) von Personen oder Unternehmen, die sich um eine Stelle bei Farm-good bewerben oder daf\u00fcr in Frage kommen (die &#8220;Partner&#8221;).<\/p><p><strong>Umfang und Anwendung<\/strong><\/p><p>Dieser Hinweis regelt die Verarbeitung von Partnerdaten durch Farm-good weltweit im Rahmen einer Partnerschaft auf der Farm-good-Plattform.<\/p><p><strong>Erhebung von Daten \u00fcber den Vater<\/strong><strong>artenaire<\/strong><\/p><p>Farm-good sammelt die folgenden Partnerdaten direkt von den Partnern:<\/p><ul><li>Name, Postanschrift, E-Mail-Adresse, Telefonnummer oder andere Kontaktdaten,<\/li><li>Zeugnisse, Noten und andere Nachweise der Berufserfahrung oder Ausbildung, auch im Video-\/Audioformat,<\/li><li>Gew\u00fcnschte Dienstleistung(en), geografische Mobilit\u00e4t und andere dienstbezogene Pr\u00e4ferenzen,<\/li><li>Umst\u00e4nde, unter denen der Antragsteller von der Existenz der Website Kenntnis erlangt hat,<\/li><li>fr\u00fcherer Partner, Datum des Beginns oder des Endes im Falle einer Trennung, Art der Dienstleistung<\/li><li>Namen und Kontaktinformationen der Personen, die eine Empfehlung abgegeben haben, falls zutreffend,<\/li><li>Name und Kontaktdaten der Personen, die f\u00fcr Referenzen kontaktiert werden sollen (es liegt in Ihrer alleinigen Verantwortung, deren Zustimmung einzuholen, bevor Sie ihre pers\u00f6nlichen Daten weitergeben),<\/li><li>alle anderen pers\u00f6nlichen Daten, die w\u00e4hrend des Bewerbungs- oder Interviewprozesses mit Farm-good zur Verf\u00fcgung gestellt werden, einschlie\u00dflich Informationen \u00fcber die Bewertung Ihrer F\u00e4higkeiten, Ausbildung oder Berufserfahrung.<\/li><\/ul><p>Farm-good kann diese Art von Daten auch aus anderen Quellen erhalten:<\/p><ul><li>Daten zur \u00dcberpr\u00fcfung der Vorgeschichte, einschlie\u00dflich eines Strafregisterauszugs, wenn dies gesetzlich zul\u00e4ssig ist,<\/li><li>Informationen aus \u00f6ffentlichen Quellen, sozialen Netzwerken und von fr\u00fcheren Arbeitgebern und\/oder Ausbildungseinrichtungen,<\/li><li>Informationen, die von den Kontaktpersonen f\u00fcr die Referenzen des Antragstellers \u00fcbermittelt wurden.<\/li><\/ul><p>Dar\u00fcber hinaus k\u00f6nnen wir, wenn dies gesetzlich zul\u00e4ssig ist, einige dieser Informationen auch f\u00fcr ehemalige Partner ableiten, um unsere Partnerschaftsbedingungen zu verbessern.\nDiese Informationen werden nur auf freiwilliger Basis und, sofern gesetzlich vorgeschrieben, mit Ihrer ausdr\u00fccklichen Zustimmung erhoben.\nWenn Sie sich weigern, diese Informationen zur Verf\u00fcgung zu stellen, hat dies keine Auswirkungen auf Ihre Bewerbung.\nWenn Sie sich dazu entschlie\u00dfen, diese Informationen zur Verf\u00fcgung zu stellen, erkl\u00e4ren Sie sich damit einverstanden, dass diese Informationen im Rahmen eines Verfahrens zur \u00dcberpr\u00fcfung der Chancengleichheit verwendet werden.\nDiese Informationen werden anonym gesammelt und gespeichert und werden bei der Bewertung Ihrer Bewerbung nicht ber\u00fccksichtigt.    <\/p>\t\t\t\t\t\t\t\t<\/div>\n\t\t\t\t\t<\/div>\n\t\t<\/div>\n\t\t\t\t\t<\/div>\n\t\t<\/section>\n\t\t\t\t<\/div>\n\t\t","protected":false},"excerpt":{"rendered":"<p>Charta der Verantwortung der Erzeuger Produzenten auf Farm&#8211;good Farm-good ist eine Plattform, die Privatpersonen und Produzenten zusammenbringt. Diese Charta beschreibt die Verantwortlichkeiten der Produzenten gegen\u00fcber den Kunden, die die Plattform nutzen. Verpflichtung zu Qualit\u00e4t Die Erzeuger verpflichten sich, landwirtschaftliche Produkte von h\u00f6chster Qualit\u00e4t anzubieten, die frisch, biologisch und nachhaltig angebaut werden, wobei strenge Anbau- und &hellip; <a href=\"https:\/\/farm-good.com\/de\/charta-der-rechenschaftspflicht\/\" class=\"more-link\">Lesen Sie weiter &quot; <span class=\"screen-reader-text\">Charta der Rechenschaftspflicht<\/span><\/a><\/p>\n","protected":false},"author":1,"featured_media":0,"parent":0,"menu_order":0,"comment_status":"closed","ping_status":"closed","template":"","meta":{"footnotes":""},"class_list":["post-9939","page","type-page","status-publish","hentry"],"_links":{"self":[{"href":"https:\/\/farm-good.com\/de\/wp-json\/wp\/v2\/pages\/9939","targetHints":{"allow":["GET"]}}],"collection":[{"href":"https:\/\/farm-good.com\/de\/wp-json\/wp\/v2\/pages"}],"about":[{"href":"https:\/\/farm-good.com\/de\/wp-json\/wp\/v2\/types\/page"}],"author":[{"embeddable":true,"href":"https:\/\/farm-good.com\/de\/wp-json\/wp\/v2\/users\/1"}],"replies":[{"embeddable":true,"href":"https:\/\/farm-good.com\/de\/wp-json\/wp\/v2\/comments?post=9939"}],"version-history":[{"count":2,"href":"https:\/\/farm-good.com\/de\/wp-json\/wp\/v2\/pages\/9939\/revisions"}],"predecessor-version":[{"id":12119,"href":"https:\/\/farm-good.com\/de\/wp-json\/wp\/v2\/pages\/9939\/revisions\/12119"}],"wp:attachment":[{"href":"https:\/\/farm-good.com\/de\/wp-json\/wp\/v2\/media?parent=9939"}],"curies":[{"name":"wp","href":"https:\/\/api.w.org\/{rel}","templated":true}]}}